{"id":3211,"date":"2020-05-07T09:58:18","date_gmt":"2020-05-07T07:58:18","guid":{"rendered":"https:\/\/paroisse-herbasse.fr\/?page_id=3211"},"modified":"2025-05-19T09:32:50","modified_gmt":"2025-05-19T07:32:50","slug":"servant-daute","status":"publish","type":"page","link":"https:\/\/paroisse-herbasse.fr\/index.php\/servant-daute\/","title":{"rendered":"Servant d&rsquo;autel"},"content":{"rendered":"\n<h2 class=\"has-text-align-center wp-block-heading\">SERVANT D&rsquo;AUTEL<\/h2>\n\n\n\n<div style=\"height:50px\" aria-hidden=\"true\" class=\"wp-block-spacer\"><\/div>\n\n\n\n<figure class=\"wp-block-image aligncenter size-large is-resized\"><img loading=\"lazy\" decoding=\"async\" src=\"https:\/\/paroisse-herbasse.fr\/wp-content\/uploads\/2021\/02\/MG_0834-683x1024.jpg\" alt=\"\" class=\"wp-image-6029\" width=\"250\" height=\"375\" srcset=\"https:\/\/paroisse-herbasse.fr\/wp-content\/uploads\/2021\/02\/MG_0834-683x1024.jpg 683w, https:\/\/paroisse-herbasse.fr\/wp-content\/uploads\/2021\/02\/MG_0834-200x300.jpg 200w, https:\/\/paroisse-herbasse.fr\/wp-content\/uploads\/2021\/02\/MG_0834-768x1152.jpg 768w, https:\/\/paroisse-herbasse.fr\/wp-content\/uploads\/2021\/02\/MG_0834-1024x1536.jpg 1024w, https:\/\/paroisse-herbasse.fr\/wp-content\/uploads\/2021\/02\/MG_0834-1365x2048.jpg 1365w, https:\/\/paroisse-herbasse.fr\/wp-content\/uploads\/2021\/02\/MG_0834-scaled.jpg 1707w\" sizes=\"(max-width: 250px) 100vw, 250px\" \/><\/figure>\n\n\n\n<div style=\"height:20px\" aria-hidden=\"true\" class=\"wp-block-spacer\"><\/div>\n\n\n\n<p><strong>\u00catre servant d&rsquo;autel c&rsquo;est quoi ?<\/strong><\/p>\n\n\n\n<p>C&rsquo;est servir \u00e0 la messe, c\u2019est contribuer \u00e0 la beaut\u00e9 des c\u00e9l\u00e9brations, aider le pr\u00eatre et l\u2019assembl\u00e9e \u00e0 prier et \u00eatre soi-m\u00eame plus disponible \u00e0 la pri\u00e8re<\/p>\n\n\n\n<div style=\"height:20px\" aria-hidden=\"true\" class=\"wp-block-spacer\"><\/div>\n\n\n<p><strong>Pourquoi \u00eatre servant d&rsquo;autel ?<br><\/strong><em>Le Pape Benoit XVI l\u2019expliquait \u00e0 sa mani\u00e8re le 2 ao\u00fbt 2006&nbsp;:<\/em><strong><br><\/strong><\/p>\n<blockquote>\n<p><span style=\"color: #000000;\">\u00ab&nbsp;Vous aussi, vous \u00eates d\u00e9j\u00e0 ap\u00f4tres de J\u00e9sus&nbsp;! Quand vous participez \u00e0 la Liturgie en exer\u00e7ant votre service de l\u2019autel, vous offrez \u00e0 tous un t\u00e9moignage. Votre attitude de pri\u00e8re, qui vient du c\u0153ur et qui se manifeste par les gestes, par le chant, par votre participation, tout cela est d\u00e9j\u00e0 apostolat. Vous \u00eates tr\u00e8s proches de J\u00e9sus Eucharistie, ce qui est le plus grand signe de son amiti\u00e9 pour vous. Laissez-vous toujours \u00e9merveiller par tant d\u2019amour et de proximit\u00e9&nbsp;! Chers servants d\u2019autel, soyez toujours amis et ap\u00f4tres de J\u00e9sus&nbsp;!&nbsp;\u00bb<\/span><\/p>\n<\/blockquote>\n\n\n<div style=\"height:20px\" aria-hidden=\"true\" class=\"wp-block-spacer\"><\/div>\n\n\n\n<p><strong><strong>Comment devenir<\/strong> servant d&rsquo;autel<\/strong><\/p>\n\n\n\n<p class=\"has-black-color has-text-color\">Les gar\u00e7ons qui le souhaitent peuvent rejoindre le groupe paroissial des servants d&rsquo;autel. Pour faire partie du groupe, il suffit d&rsquo;avoir d\u00e9j\u00e0 re\u00e7u le sacrement de la Premi\u00e8re Communion.<br>Les servants d\u2019autel se retrouvent r\u00e9guli\u00e8rement pour un temps de formation, et de jeux&#8230; <a href=\"https:\/\/paroisse-herbasse.fr\/index.php\/dates-des-rencontres-servant-dautel\/\">VOIR LES DATES<\/a><\/p>\n\n\n<p>Pour plus de renseignements et pour s\u2019inscrire : <span class=\"no-spam\" style=\"color: #0000ff;\">servantsdautel.herbasse@gmail.com<\/span><\/p>\n\n\n<div style=\"height:100px\" aria-hidden=\"true\" class=\"wp-block-spacer\"><\/div>\n\n\n\n<div class=\"wp-block-columns alignfull has-black-color has-light-gray-background-color has-text-color has-background is-layout-flex wp-container-core-columns-is-layout-9d6595d7 wp-block-columns-is-layout-flex\">\n<div class=\"wp-block-column is-layout-flow wp-block-column-is-layout-flow\" style=\"flex-basis:35.7%\">\n<p style=\"padding-left: 40px;\">Paroisse Notre-Dame de l\u2019Herbasse<br data-rich-text-line-break=\"true\">Le Clo\u00eetre du Prieur\u00e9<br data-rich-text-line-break=\"true\">9 mont\u00e9e de l\u2019\u00e9glise<br data-rich-text-line-break=\"true\">26260 Saint Donat sur l\u2019Herbasse<br data-rich-text-line-break=\"true\">04 75 45 12 02<br><span style=\"color: #0000ff;\">paroisse.herbasse@gmail.com<\/span><\/p>\n<p style=\"padding-left: 40px;\"><u><\/u><strong>Accueil&nbsp; <\/strong>ouvert de 09h30 \u00e0 11h30 le vendredi et samedi.<br><strong>Permanence t\u00e9l\u00e9phonique <\/strong>de 09h30 \u00e0 11h30 tous les jours du lundi au samedi.<\/p>\n<\/div>\n\n\n\n<div class=\"wp-block-column is-layout-flow wp-block-column-is-layout-flow\">\n<figure class=\"wp-block-image aligncenter size-large is-resized\"><img loading=\"lazy\" decoding=\"async\" src=\"https:\/\/paroisse-herbasse.fr\/wp-content\/uploads\/2022\/03\/Logo-normal-Haute-definition-1024x883.jpg\" alt=\"\" class=\"wp-image-10105\" width=\"221\" height=\"189\"\/><\/figure>\n\n\n\n<p style=\"text-align: center;\">Pour suivre notre paroisse<br \/>sur les r\u00e9seaux sociaux :<\/p>\n\n\n\n<ul class=\"wp-block-social-links aligncenter items-justified-center is-style-default is-layout-flex wp-block-social-links-is-layout-flex\"><li class=\"wp-social-link wp-social-link-facebook  wp-block-social-link\"><a href=\"https:\/\/www.facebook.com\/Paroisse-Notre-Dame-des-Collines-de-lHerbasse-2084333381866195\/?__tn__=kC-R&#038;eid=ARAP3UgK0bK6FFAhtHMayiFutkisk-96Y0yIeNsV_7DQnkeVxc4LMiIII0T41wGZ-ccEEigFi9XGLvl7&#038;hc_ref=ARQq_oRYn28t6J77jE8oFrs11OBEeGZItwxCoAjvMtTaNrN5wkE9U0E7Q0-42NeRGos&#038;fref=nf\" class=\"wp-block-social-link-anchor\"><svg width=\"24\" height=\"24\" viewBox=\"0 0 24 24\" version=\"1.1\" xmlns=\"http:\/\/www.w3.org\/2000\/svg\" aria-hidden=\"true\" focusable=\"false\"><path d=\"M12 2C6.5 2 2 6.5 2 12c0 5 3.7 9.1 8.4 9.9v-7H7.9V12h2.5V9.8c0-2.5 1.5-3.9 3.8-3.9 1.1 0 2.2.2 2.2.2v2.5h-1.3c-1.2 0-1.6.8-1.6 1.6V12h2.8l-.4 2.9h-2.3v7C18.3 21.1 22 17 22 12c0-5.5-4.5-10-10-10z\"><\/path><\/svg><span class=\"wp-block-social-link-label screen-reader-text\">Facebook<\/span><\/a><\/li>\n\n<li class=\"wp-social-link wp-social-link-instagram  wp-block-social-link\"><a href=\"https:\/\/www.instagram.com\/paroisse_herbasse\/\" class=\"wp-block-social-link-anchor\"><svg width=\"24\" height=\"24\" viewBox=\"0 0 24 24\" version=\"1.1\" xmlns=\"http:\/\/www.w3.org\/2000\/svg\" aria-hidden=\"true\" focusable=\"false\"><path d=\"M12,4.622c2.403,0,2.688,0.009,3.637,0.052c0.877,0.04,1.354,0.187,1.671,0.31c0.42,0.163,0.72,0.358,1.035,0.673 c0.315,0.315,0.51,0.615,0.673,1.035c0.123,0.317,0.27,0.794,0.31,1.671c0.043,0.949,0.052,1.234,0.052,3.637 s-0.009,2.688-0.052,3.637c-0.04,0.877-0.187,1.354-0.31,1.671c-0.163,0.42-0.358,0.72-0.673,1.035 c-0.315,0.315-0.615,0.51-1.035,0.673c-0.317,0.123-0.794,0.27-1.671,0.31c-0.949,0.043-1.233,0.052-3.637,0.052 s-2.688-0.009-3.637-0.052c-0.877-0.04-1.354-0.187-1.671-0.31c-0.42-0.163-0.72-0.358-1.035-0.673 c-0.315-0.315-0.51-0.615-0.673-1.035c-0.123-0.317-0.27-0.794-0.31-1.671C4.631,14.688,4.622,14.403,4.622,12 s0.009-2.688,0.052-3.637c0.04-0.877,0.187-1.354,0.31-1.671c0.163-0.42,0.358-0.72,0.673-1.035 c0.315-0.315,0.615-0.51,1.035-0.673c0.317-0.123,0.794-0.27,1.671-0.31C9.312,4.631,9.597,4.622,12,4.622 M12,3 C9.556,3,9.249,3.01,8.289,3.054C7.331,3.098,6.677,3.25,6.105,3.472C5.513,3.702,5.011,4.01,4.511,4.511 c-0.5,0.5-0.808,1.002-1.038,1.594C3.25,6.677,3.098,7.331,3.054,8.289C3.01,9.249,3,9.556,3,12c0,2.444,0.01,2.751,0.054,3.711 c0.044,0.958,0.196,1.612,0.418,2.185c0.23,0.592,0.538,1.094,1.038,1.594c0.5,0.5,1.002,0.808,1.594,1.038 c0.572,0.222,1.227,0.375,2.185,0.418C9.249,20.99,9.556,21,12,21s2.751-0.01,3.711-0.054c0.958-0.044,1.612-0.196,2.185-0.418 c0.592-0.23,1.094-0.538,1.594-1.038c0.5-0.5,0.808-1.002,1.038-1.594c0.222-0.572,0.375-1.227,0.418-2.185 C20.99,14.751,21,14.444,21,12s-0.01-2.751-0.054-3.711c-0.044-0.958-0.196-1.612-0.418-2.185c-0.23-0.592-0.538-1.094-1.038-1.594 c-0.5-0.5-1.002-0.808-1.594-1.038c-0.572-0.222-1.227-0.375-2.185-0.418C14.751,3.01,14.444,3,12,3L12,3z M12,7.378 c-2.552,0-4.622,2.069-4.622,4.622S9.448,16.622,12,16.622s4.622-2.069,4.622-4.622S14.552,7.378,12,7.378z M12,15 c-1.657,0-3-1.343-3-3s1.343-3,3-3s3,1.343,3,3S13.657,15,12,15z M16.804,6.116c-0.596,0-1.08,0.484-1.08,1.08 s0.484,1.08,1.08,1.08c0.596,0,1.08-0.484,1.08-1.08S17.401,6.116,16.804,6.116z\"><\/path><\/svg><span class=\"wp-block-social-link-label screen-reader-text\">Instagram<\/span><\/a><\/li><\/ul>\n<\/div>\n\n\n\n<div class=\"wp-block-column is-layout-flow wp-block-column-is-layout-flow\">\n<figure class=\"wp-block-image aligncenter size-large is-resized\"><a href=\"https:\/\/valence.cef.fr\/\" target=\"_blank\" rel=\"noopener noreferrer\"><img loading=\"lazy\" decoding=\"async\" src=\"https:\/\/paroisse-herbasse.fr\/wp-content\/uploads\/2020\/04\/diocese-logo-quadri-1024x498.png\" alt=\"\" class=\"wp-image-2053\" width=\"347\" height=\"169\" srcset=\"https:\/\/paroisse-herbasse.fr\/wp-content\/uploads\/2020\/04\/diocese-logo-quadri-1024x498.png 1024w, https:\/\/paroisse-herbasse.fr\/wp-content\/uploads\/2020\/04\/diocese-logo-quadri-300x146.png 300w, https:\/\/paroisse-herbasse.fr\/wp-content\/uploads\/2020\/04\/diocese-logo-quadri-768x374.png 768w, https:\/\/paroisse-herbasse.fr\/wp-content\/uploads\/2020\/04\/diocese-logo-quadri-1536x747.png 1536w, https:\/\/paroisse-herbasse.fr\/wp-content\/uploads\/2020\/04\/diocese-logo-quadri.png 1667w\" sizes=\"(max-width: 347px) 100vw, 347px\" \/><\/a><\/figure>\n\n\n\n<ul class=\"wp-block-social-links is-style-default is-content-justification-center is-layout-flex wp-container-core-social-links-is-layout-16018d1d wp-block-social-links-is-layout-flex\"><li class=\"wp-social-link wp-social-link-facebook  wp-block-social-link\"><a href=\"https:\/\/www.facebook.com\/pages\/category\/Religious-Center\/Eglise-Catholique-dans-la-Dr%C3%B4me-Dioc%C3%A8se-de-Valence-138650639519908\/\" class=\"wp-block-social-link-anchor\"><svg width=\"24\" height=\"24\" viewBox=\"0 0 24 24\" version=\"1.1\" xmlns=\"http:\/\/www.w3.org\/2000\/svg\" aria-hidden=\"true\" focusable=\"false\"><path d=\"M12 2C6.5 2 2 6.5 2 12c0 5 3.7 9.1 8.4 9.9v-7H7.9V12h2.5V9.8c0-2.5 1.5-3.9 3.8-3.9 1.1 0 2.2.2 2.2.2v2.5h-1.3c-1.2 0-1.6.8-1.6 1.6V12h2.8l-.4 2.9h-2.3v7C18.3 21.1 22 17 22 12c0-5.5-4.5-10-10-10z\"><\/path><\/svg><span class=\"wp-block-social-link-label screen-reader-text\">Facebook<\/span><\/a><\/li>\n\n<li class=\"wp-social-link wp-social-link-twitter  wp-block-social-link\"><a href=\"https:\/\/twitter.com\/cathos26?lang=fr\" class=\"wp-block-social-link-anchor\"><svg width=\"24\" height=\"24\" viewBox=\"0 0 24 24\" version=\"1.1\" xmlns=\"http:\/\/www.w3.org\/2000\/svg\" aria-hidden=\"true\" focusable=\"false\"><path d=\"M22.23,5.924c-0.736,0.326-1.527,0.547-2.357,0.646c0.847-0.508,1.498-1.312,1.804-2.27 c-0.793,0.47-1.671,0.812-2.606,0.996C18.324,4.498,17.257,4,16.077,4c-2.266,0-4.103,1.837-4.103,4.103 c0,0.322,0.036,0.635,0.106,0.935C8.67,8.867,5.647,7.234,3.623,4.751C3.27,5.357,3.067,6.062,3.067,6.814 c0,1.424,0.724,2.679,1.825,3.415c-0.673-0.021-1.305-0.206-1.859-0.513c0,0.017,0,0.034,0,0.052c0,1.988,1.414,3.647,3.292,4.023 c-0.344,0.094-0.707,0.144-1.081,0.144c-0.264,0-0.521-0.026-0.772-0.074c0.522,1.63,2.038,2.816,3.833,2.85 c-1.404,1.1-3.174,1.756-5.096,1.756c-0.331,0-0.658-0.019-0.979-0.057c1.816,1.164,3.973,1.843,6.29,1.843 c7.547,0,11.675-6.252,11.675-11.675c0-0.178-0.004-0.355-0.012-0.531C20.985,7.47,21.68,6.747,22.23,5.924z\"><\/path><\/svg><span class=\"wp-block-social-link-label screen-reader-text\">Twitter<\/span><\/a><\/li>\n\n<li class=\"wp-social-link wp-social-link-youtube  wp-block-social-link\"><a href=\"https:\/\/www.youtube.com\/channel\/UCFE-u8XlLJYFNCimk3YlDPA\" class=\"wp-block-social-link-anchor\"><svg width=\"24\" height=\"24\" viewBox=\"0 0 24 24\" version=\"1.1\" xmlns=\"http:\/\/www.w3.org\/2000\/svg\" aria-hidden=\"true\" focusable=\"false\"><path d=\"M21.8,8.001c0,0-0.195-1.378-0.795-1.985c-0.76-0.797-1.613-0.801-2.004-0.847c-2.799-0.202-6.997-0.202-6.997-0.202 h-0.009c0,0-4.198,0-6.997,0.202C4.608,5.216,3.756,5.22,2.995,6.016C2.395,6.623,2.2,8.001,2.2,8.001S2,9.62,2,11.238v1.517 c0,1.618,0.2,3.237,0.2,3.237s0.195,1.378,0.795,1.985c0.761,0.797,1.76,0.771,2.205,0.855c1.6,0.153,6.8,0.201,6.8,0.201 s4.203-0.006,7.001-0.209c0.391-0.047,1.243-0.051,2.004-0.847c0.6-0.607,0.795-1.985,0.795-1.985s0.2-1.618,0.2-3.237v-1.517 C22,9.62,21.8,8.001,21.8,8.001z M9.935,14.594l-0.001-5.62l5.404,2.82L9.935,14.594z\"><\/path><\/svg><span class=\"wp-block-social-link-label screen-reader-text\">YouTube<\/span><\/a><\/li><\/ul>\n\n\n\n<div style=\"height:60px\" aria-hidden=\"true\" class=\"wp-block-spacer\"><\/div>\n\n\n\n<p class=\"has-text-align-center\" style=\"font-size:14px\"><em><a href=\"https:\/\/paroisse-herbasse.fr\/index.php\/mentions-legales\/\"><span class=\"has-inline-color has-black-color\"><span style=\"text-decoration: underline;\">Mention l\u00e9gales<\/span><\/span><\/a><\/em><br><a href=\"https:\/\/paroisse-herbasse.fr\/index.php\/espace-prive\/\"><span class=\"has-inline-color has-black-color\"><span style=\"text-decoration: underline;\">Espace priv\u00e9<\/span><\/span><\/a><\/p>\n<\/div>\n<\/div>\n","protected":false},"excerpt":{"rendered":"<p>SERVANT D&rsquo;AUTEL \u00catre servant d&rsquo;autel c&rsquo;est quoi ? C&rsquo;est servir \u00e0 la messe, c\u2019est contribuer \u00e0 la beaut\u00e9 des c\u00e9l\u00e9brations, aider le pr\u00eatre et l\u2019assembl\u00e9e \u00e0 prier et \u00eatre soi-m\u00eame [&hellip;]<\/p>\n","protected":false},"author":1,"featured_media":0,"parent":0,"menu_order":0,"comment_status":"closed","ping_status":"closed","template":"","meta":{"_et_pb_use_builder":"","_et_pb_old_content":"","_et_gb_content_width":"","inline_featured_image":false,"footnotes":""},"class_list":["post-3211","page","type-page","status-publish","hentry"],"_links":{"self":[{"href":"https:\/\/paroisse-herbasse.fr\/index.php\/wp-json\/wp\/v2\/pages\/3211","targetHints":{"allow":["GET"]}}],"collection":[{"href":"https:\/\/paroisse-herbasse.fr\/index.php\/wp-json\/wp\/v2\/pages"}],"about":[{"href":"https:\/\/paroisse-herbasse.fr\/index.php\/wp-json\/wp\/v2\/types\/page"}],"author":[{"embeddable":true,"href":"https:\/\/paroisse-herbasse.fr\/index.php\/wp-json\/wp\/v2\/users\/1"}],"replies":[{"embeddable":true,"href":"https:\/\/paroisse-herbasse.fr\/index.php\/wp-json\/wp\/v2\/comments?post=3211"}],"version-history":[{"count":1,"href":"https:\/\/paroisse-herbasse.fr\/index.php\/wp-json\/wp\/v2\/pages\/3211\/revisions"}],"predecessor-version":[{"id":17632,"href":"https:\/\/paroisse-herbasse.fr\/index.php\/wp-json\/wp\/v2\/pages\/3211\/revisions\/17632"}],"wp:attachment":[{"href":"https:\/\/paroisse-herbasse.fr\/index.php\/wp-json\/wp\/v2\/media?parent=3211"}],"curies":[{"name":"wp","href":"https:\/\/api.w.org\/{rel}","templated":true}]}}