{"id":2085,"date":"2020-05-25T15:38:13","date_gmt":"2020-05-25T13:38:13","guid":{"rendered":"https:\/\/paroisse-herbasse.fr\/?page_id=2085"},"modified":"2025-05-19T09:33:22","modified_gmt":"2025-05-19T07:33:22","slug":"pretre-et-diacres","status":"publish","type":"page","link":"https:\/\/paroisse-herbasse.fr\/index.php\/pretre-et-diacres\/","title":{"rendered":"Pr\u00eatre et diacres"},"content":{"rendered":"[et_pb_section fb_built=\u00a0\u00bb1&Prime; admin_label=\u00a0\u00bbsection\u00a0\u00bb _builder_version=\u00a0\u00bb4.16&Prime; global_colors_info=\u00a0\u00bb{}\u00a0\u00bb][et_pb_row admin_label=\u00a0\u00bbrow\u00a0\u00bb _builder_version=\u00a0\u00bb4.16&Prime; background_size=\u00a0\u00bbinitial\u00a0\u00bb background_position=\u00a0\u00bbtop_left\u00a0\u00bb background_repeat=\u00a0\u00bbrepeat\u00a0\u00bb global_colors_info=\u00a0\u00bb{}\u00a0\u00bb][et_pb_column type=\u00a0\u00bb4_4&Prime; _builder_version=\u00a0\u00bb4.16&Prime; custom_padding=\u00a0\u00bb|||\u00a0\u00bb global_colors_info=\u00a0\u00bb{}\u00a0\u00bb custom_padding__hover=\u00a0\u00bb|||\u00a0\u00bb][et_pb_text admin_label=\u00a0\u00bbText\u00a0\u00bb _builder_version=\u00a0\u00bb4.20.4&Prime; background_size=\u00a0\u00bbinitial\u00a0\u00bb background_position=\u00a0\u00bbtop_left\u00a0\u00bb background_repeat=\u00a0\u00bbrepeat\u00a0\u00bb hover_enabled=\u00a0\u00bb0&Prime; global_colors_info=\u00a0\u00bb{}\u00a0\u00bb sticky_enabled=\u00a0\u00bb0&Prime;]<h2 class=\"has-text-align-center\">PR\u00caT<strong>RES<\/strong> ET DIACRES<\/h2>\n<p><!-- \/wp:post-content --><\/p>\n<p><!-- wp:spacer {\"height\":\"50px\"} --><\/p>\n<div style=\"height: 50px;\" aria-hidden=\"true\" class=\"wp-block-spacer\"><\/div>\n<p><!-- \/wp:spacer --><\/p>\n<p><!-- wp:columns --><\/p>\n<div class=\"wp-block-columns\">\n<p><!-- wp:column {\"width\":\"33.33%\"} --><\/p>\n<div class=\"wp-block-column\" style=\"flex-basis: 33.33%;\">\n<p><!-- wp:freeform --><\/p>\n<p><strong>Cur\u00e9 de la paroisse :<\/strong><\/p>\n<p style=\"padding-left: 40px;\">P\u00e8re Dominique Fornerod<\/p>\n<p><strong>Pr\u00eatres \u00e0 la retraite :<\/strong><\/p>\n<p style=\"padding-left: 40px;\">P\u00e8re Jean Bolomey<\/p>\n<p><strong>Diacres :<\/strong><\/p>\n<p style=\"padding-left: 40px;\">Pierre Brenier<\/p>\n<p style=\"padding-left: 40px;\">Bruno Camus<\/p>\n<p style=\"padding-left: 40px;\">Christian Dorey<\/p>\n<p>&nbsp;<\/p>\n<p><!-- \/wp:freeform --><\/p>\n<\/div>\n<p><!-- \/wp:column --><\/p>\n<p><!-- wp:column {\"width\":\"66.66%\"} --><\/p>\n<div class=\"wp-block-column\" style=\"flex-basis: 66.66%;\">\n<p><!-- wp:image {\"align\":\"center\",\"id\":6027,\"width\":585,\"height\":877,\"sizeSlug\":\"large\",\"linkDestination\":\"none\"} --><\/p>\n<figure class=\"wp-block-image aligncenter size-large is-resized\"><img loading=\"lazy\" decoding=\"async\" src=\"https:\/\/paroisse-herbasse.fr\/wp-content\/uploads\/2021\/02\/MG_0839-683x1024.jpg\" alt=\"\" class=\"wp-image-6027\" width=\"585\" height=\"877\" srcset=\"https:\/\/paroisse-herbasse.fr\/wp-content\/uploads\/2021\/02\/MG_0839-683x1024.jpg 683w, https:\/\/paroisse-herbasse.fr\/wp-content\/uploads\/2021\/02\/MG_0839-200x300.jpg 200w, https:\/\/paroisse-herbasse.fr\/wp-content\/uploads\/2021\/02\/MG_0839-768x1152.jpg 768w, https:\/\/paroisse-herbasse.fr\/wp-content\/uploads\/2021\/02\/MG_0839-1024x1536.jpg 1024w, https:\/\/paroisse-herbasse.fr\/wp-content\/uploads\/2021\/02\/MG_0839-1365x2048.jpg 1365w, https:\/\/paroisse-herbasse.fr\/wp-content\/uploads\/2021\/02\/MG_0839-1320x1980.jpg 1320w, https:\/\/paroisse-herbasse.fr\/wp-content\/uploads\/2021\/02\/MG_0839-scaled.jpg 1707w\" sizes=\"(max-width: 585px) 100vw, 585px\" \/><\/figure>\n<p><!-- \/wp:image --><\/p>\n<p><!-- wp:spacer --><\/p>\n<div style=\"height: 100px;\" aria-hidden=\"true\" class=\"wp-block-spacer\"><\/div>\n<p><!-- \/wp:spacer --><\/p>\n<\/div>\n<p>&nbsp;<\/p>\n<\/div>\n<p><!-- wp:paragraph {\"align\":\"center\"} --><\/p>\n<p><!-- \/wp:paragraph --><\/p>\n<div class=\"wp-block-columns\">\n<div class=\"wp-block-column\" style=\"flex-basis: 100%;\">\n<p><!-- \/wp:column --><\/p>\n<\/div>\n<p><!-- \/wp:columns --><\/p>\n<p><!-- wp:column {\"width\":\"50%\"} --><\/p>\n<div class=\"wp-block-column\" style=\"flex-basis: 50%;\">\n<p><!-- wp:paragraph {\"align\":\"center\"} --><\/p>\n<p><!-- \/wp:paragraph --><\/p>\n<\/div>\n<p><!-- \/wp:column --><\/p>\n<p><!-- wp:column --><\/p>\n<div class=\"wp-block-column\"><\/div>\n<p><!-- \/wp:column --><\/p>\n<\/div>\n<p><!-- \/wp:columns --><\/p>\n<p><!-- wp:spacer --><\/p>\n<div style=\"height: 100px;\" aria-hidden=\"true\" class=\"wp-block-spacer\"><\/div>\n<p><!-- \/wp:spacer --><\/p>\n<p><!-- wp:paragraph --><\/p>\n<p><!-- \/wp:paragraph --><\/p>\n<p><!-- wp:block {\"ref\":2073} \/--><\/p>[\/et_pb_text][\/et_pb_column][\/et_pb_row][\/et_pb_section]","protected":false},"excerpt":{"rendered":"<p>PR\u00caTRES ET DIACRES Cur\u00e9 de la paroisse : P\u00e8re Dominique Fornerod Pr\u00eatres \u00e0 la retraite : P\u00e8re Jean Bolomey Diacres : Pierre Brenier Bruno Camus Christian Dorey &nbsp; &nbsp;<\/p>\n","protected":false},"author":1,"featured_media":0,"parent":0,"menu_order":0,"comment_status":"closed","ping_status":"closed","template":"","meta":{"_et_pb_use_builder":"on","_et_pb_old_content":"<!-- wp:heading {\"textAlign\":\"center\"} -->\n<h2 class=\"has-text-align-center\">PR\u00caT<strong>RES<\/strong> ET DIACRES<\/h2>\n<!-- \/wp:heading -->\n\n<!-- wp:spacer {\"height\":\"50px\"} -->\n<div style=\"height:50px\" aria-hidden=\"true\" class=\"wp-block-spacer\"><\/div>\n<!-- \/wp:spacer -->\n\n<!-- wp:columns -->\n<div class=\"wp-block-columns\"><!-- wp:column {\"width\":\"33.33%\"} -->\n<div class=\"wp-block-column\" style=\"flex-basis:33.33%\"><!-- wp:freeform -->\n<p><strong>Cur\u00e9 de la paroisse :<\/strong><\/p>\n<p style=\"padding-left: 40px;\">P\u00e8re Dominique Fornerod<\/p>\n<p><strong>Pr\u00eatres \u00e0 la retraite :<\/strong><\/p>\n<p style=\"padding-left: 40px;\">P\u00e8re Jean Bolomey<\/p>\n<p style=\"padding-left: 40px;\">P\u00e8re Michel P\u00e9rollier\u00a0<\/p>\n<p><strong>Diacres :<\/strong><\/p>\n<p style=\"padding-left: 40px;\">Pierre Brenier<\/p>\n<p style=\"padding-left: 40px;\">Bruno Camus<\/p>\n<p style=\"padding-left: 40px;\">Christian Dorey<\/p>\n<p>\u00a0<\/p>\n<!-- \/wp:freeform --><\/div>\n<!-- \/wp:column -->\n\n<!-- wp:column {\"width\":\"66.66%\"} -->\n<div class=\"wp-block-column\" style=\"flex-basis:66.66%\"><!-- wp:image {\"align\":\"center\",\"id\":6027,\"width\":585,\"height\":877,\"sizeSlug\":\"large\",\"linkDestination\":\"none\"} -->\n<figure class=\"wp-block-image aligncenter size-large is-resized\"><img src=\"https:\/\/paroisse-herbasse.fr\/wp-content\/uploads\/2021\/02\/MG_0839-683x1024.jpg\" alt=\"\" class=\"wp-image-6027\" width=\"585\" height=\"877\"\/><\/figure>\n<!-- \/wp:image -->\n\n<!-- wp:spacer -->\n<div style=\"height:100px\" aria-hidden=\"true\" class=\"wp-block-spacer\"><\/div>\n<!-- \/wp:spacer --><\/div>\n<!-- \/wp:column --><\/div>\n<!-- \/wp:columns -->\n\n<!-- wp:paragraph {\"align\":\"center\"} -->\n<p class=\"has-text-align-center\"><strong>POUR CONTACTER UN PRETRE OU UN DIACRE VOUS POUVEZ UTILISER LE FORMULAIRE CI-DESSOUS :<\/strong><\/p>\n<!-- \/wp:paragraph -->\n\n<!-- wp:columns -->\n<div class=\"wp-block-columns\"><!-- wp:column {\"width\":\"100%\"} -->\n<div class=\"wp-block-column\" style=\"flex-basis:100%\"><!-- wp:paragraph {\"align\":\"center\"} -->\n<p class=\"has-text-align-center\">[contact-form-7 id=\"2591\" title=\"Formulaire contact pr\u00eatre\"]<\/p>\n<!-- \/wp:paragraph --><\/div>\n<!-- \/wp:column -->\n\n<!-- wp:column {\"width\":\"50%\"} -->\n<div class=\"wp-block-column\" style=\"flex-basis:50%\"><!-- wp:paragraph {\"align\":\"center\"} -->\n<p class=\"has-text-align-center\"><\/p>\n<!-- \/wp:paragraph --><\/div>\n<!-- \/wp:column -->\n\n<!-- wp:column -->\n<div class=\"wp-block-column\"><\/div>\n<!-- \/wp:column --><\/div>\n<!-- \/wp:columns -->\n\n<!-- wp:spacer -->\n<div style=\"height:100px\" aria-hidden=\"true\" class=\"wp-block-spacer\"><\/div>\n<!-- \/wp:spacer -->\n\n<!-- wp:paragraph -->\n<p><\/p>\n<!-- \/wp:paragraph -->\n\n<!-- wp:block {\"ref\":2073} \/-->","_et_gb_content_width":"","inline_featured_image":false,"footnotes":""},"class_list":["post-2085","page","type-page","status-publish","hentry"],"_links":{"self":[{"href":"https:\/\/paroisse-herbasse.fr\/index.php\/wp-json\/wp\/v2\/pages\/2085","targetHints":{"allow":["GET"]}}],"collection":[{"href":"https:\/\/paroisse-herbasse.fr\/index.php\/wp-json\/wp\/v2\/pages"}],"about":[{"href":"https:\/\/paroisse-herbasse.fr\/index.php\/wp-json\/wp\/v2\/types\/page"}],"author":[{"embeddable":true,"href":"https:\/\/paroisse-herbasse.fr\/index.php\/wp-json\/wp\/v2\/users\/1"}],"replies":[{"embeddable":true,"href":"https:\/\/paroisse-herbasse.fr\/index.php\/wp-json\/wp\/v2\/comments?post=2085"}],"version-history":[{"count":1,"href":"https:\/\/paroisse-herbasse.fr\/index.php\/wp-json\/wp\/v2\/pages\/2085\/revisions"}],"predecessor-version":[{"id":13500,"href":"https:\/\/paroisse-herbasse.fr\/index.php\/wp-json\/wp\/v2\/pages\/2085\/revisions\/13500"}],"wp:attachment":[{"href":"https:\/\/paroisse-herbasse.fr\/index.php\/wp-json\/wp\/v2\/media?parent=2085"}],"curies":[{"name":"wp","href":"https:\/\/api.w.org\/{rel}","templated":true}]}}