{"id":19039,"date":"2026-02-10T16:20:22","date_gmt":"2026-02-10T15:20:22","guid":{"rendered":"https:\/\/paroisse-herbasse.fr\/?page_id=19039"},"modified":"2026-04-14T15:05:34","modified_gmt":"2026-04-14T13:05:34","slug":"la-pastorale-des-santons-de-provence","status":"publish","type":"page","link":"https:\/\/paroisse-herbasse.fr\/index.php\/la-pastorale-des-santons-de-provence\/","title":{"rendered":"La Pastorale des Santons de Provence"},"content":{"rendered":"<p>[et_pb_section fb_built=\u00a0\u00bb1&Prime; _builder_version=\u00a0\u00bb4.27.5&Prime; _module_preset=\u00a0\u00bbdefault\u00a0\u00bb global_colors_info=\u00a0\u00bb{}\u00a0\u00bb][et_pb_row column_structure=\u00a0\u00bb1_2,1_2&Prime; _builder_version=\u00a0\u00bb4.27.5&Prime; _module_preset=\u00a0\u00bbdefault\u00a0\u00bb global_colors_info=\u00a0\u00bb{}\u00a0\u00bb][et_pb_column type=\u00a0\u00bb1_2&Prime; _builder_version=\u00a0\u00bb4.27.5&Prime; _module_preset=\u00a0\u00bbdefault\u00a0\u00bb global_colors_info=\u00a0\u00bb{}\u00a0\u00bb][et_pb_image src=\u00a0\u00bbhttps:\/\/paroisse-herbasse.fr\/wp-content\/uploads\/2026\/02\/Participez-a-laventure-paroissiale-.png\u00a0\u00bb title_text=\u00a0\u00bbParticipez \u00e0 l&rsquo;aventure paroissiale !\u00a0\u00bb _builder_version=\u00a0\u00bb4.27.5&Prime; _module_preset=\u00a0\u00bbdefault\u00a0\u00bb global_colors_info=\u00a0\u00bb{}\u00a0\u00bb][\/et_pb_image][et_pb_button button_url=\u00a0\u00bbhttps:\/\/forms.gle\/ZTaVj5Jt9TQJzGxC8&Prime; button_text=\u00a0\u00bbJe suis int\u00e9ress\u00e9 pour faire partie de l&rsquo;aventure\u00a0\u00bb button_alignment=\u00a0\u00bbcenter\u00a0\u00bb _builder_version=\u00a0\u00bb4.27.5&Prime; _module_preset=\u00a0\u00bbdefault\u00a0\u00bb global_colors_info=\u00a0\u00bb{}\u00a0\u00bb][\/et_pb_button][et_pb_button button_url=\u00a0\u00bbhttps:\/\/paroisse-herbasse.fr\/wp-content\/uploads\/2026\/02\/la-pastorale-dyvan-audouard.pdf\u00a0\u00bb button_text=\u00a0\u00bbVoir le texte de La Pastorale des Santons de Provence\u00a0\u00bb button_alignment=\u00a0\u00bbcenter\u00a0\u00bb _builder_version=\u00a0\u00bb4.27.5&Prime; _module_preset=\u00a0\u00bbdefault\u00a0\u00bb global_colors_info=\u00a0\u00bb{}\u00a0\u00bb][\/et_pb_button][et_pb_text _builder_version=\u00a0\u00bb4.27.6&Prime; _module_preset=\u00a0\u00bbdefault\u00a0\u00bb hover_enabled=\u00a0\u00bb0&Prime; sticky_enabled=\u00a0\u00bb0&Prime;]<\/p>\n<h4 style=\"text-align: center;\">Rencontre de pr\u00e9paration ouverte \u00e0 tous le dimanche 19 avril \u00e0 17h00 \u00e0 la salle paroissiale de St Donat<\/h4>\n<p>[\/et_pb_text][\/et_pb_column][et_pb_column type=\u00a0\u00bb1_2&Prime; _builder_version=\u00a0\u00bb4.27.5&Prime; _module_preset=\u00a0\u00bbdefault\u00a0\u00bb global_colors_info=\u00a0\u00bb{}\u00a0\u00bb][et_pb_text _builder_version=\u00a0\u00bb4.27.5&Prime; _module_preset=\u00a0\u00bbdefault\u00a0\u00bb global_colors_info=\u00a0\u00bb{}\u00a0\u00bb]<\/p>\n<h2 data-start=\"138\" data-end=\"195\">\ud83c\udf84 La Pastorale des Santons de Provence en d\u00e9cembre 2026<\/h2>\n<h3 data-start=\"196\" data-end=\"242\">Une grande aventure pour toute la paroisse<\/h3>\n<p data-start=\"244\" data-end=\"441\">\u00c0 l\u2019occasion de l\u2019Avent 2026, la <strong data-start=\"277\" data-end=\"314\">paroisse Notre-Dame de l\u2019Herbasse<\/strong> se lance dans une belle et ambitieuse aventure :<br data-start=\"363\" data-end=\"366\" \/><strong data-start=\"366\" data-end=\"412\">jouer la Pastorale des Santons de Provence<\/strong>, \u00e0 Marg\u00e8s, en d\u00e9cembre 2026.<\/p>\n<p data-start=\"443\" data-end=\"757\">La pastorale est une tradition populaire profond\u00e9ment enracin\u00e9e dans la foi et la culture de notre pays. \u00c0 travers des personnages simples \u2013 bergers, villageois, artisans \u2013 elle raconte avec joie, humour et profondeur le myst\u00e8re de No\u00ebl : Dieu qui se fait homme et vient rejoindre son peuple dans sa vie quotidienne.<\/p>\n<p data-start=\"759\" data-end=\"987\">Notre d\u00e9sir est de proposer <strong data-start=\"787\" data-end=\"824\">un v\u00e9ritable spectacle paroissial<\/strong>, soign\u00e9 et vivant :<br data-start=\"844\" data-end=\"847\" \/>d\u00e9cors, costumes, musique, jeu th\u00e9\u00e2tral, lumi\u00e8re, son\u2026 mais surtout <strong data-start=\"915\" data-end=\"954\">une aventure humaine et spirituelle<\/strong>, port\u00e9e par toute la communaut\u00e9.<\/p>\n<p data-start=\"759\" data-end=\"987\"><strong>Le spectacle sera jou\u00e9 en l&rsquo;\u00e9glise de Marg\u00e8s les 13, 18 et 20 d\u00e9cembre 2026<\/strong><\/p>\n<hr data-start=\"989\" data-end=\"992\" \/>\n<h2 data-start=\"994\" data-end=\"1027\">\ud83e\udd1d Nous avons besoin de vous !<\/h2>\n<p data-start=\"1029\" data-end=\"1226\">Ce projet ne peut exister que gr\u00e2ce \u00e0 l\u2019engagement de nombreux paroissiens.<br data-start=\"1104\" data-end=\"1107\" \/>Bonne nouvelle : <strong data-start=\"1124\" data-end=\"1156\">il y a une place pour chacun<\/strong>, de <strong data-start=\"1161\" data-end=\"1175\">7 \u00e0 77 ans<\/strong>, quels que soient vos talents ou votre exp\u00e9rience.<\/p>\n<h3 data-start=\"1228\" data-end=\"1260\">\ud83c\udfad Les acteurs et actrices<\/h3>\n<ul data-start=\"1261\" data-end=\"1492\">\n<li data-start=\"1261\" data-end=\"1351\">\n<p data-start=\"1263\" data-end=\"1351\">R\u00f4les parl\u00e9s ou muets (bergers, villageois, personnages traditionnels de la pastorale)<\/p>\n<\/li>\n<li data-start=\"1352\" data-end=\"1418\">\n<p data-start=\"1354\" data-end=\"1418\">Enfants, jeunes, adultes, seniors : tout le monde est bienvenu<\/p>\n<\/li>\n<li data-start=\"1419\" data-end=\"1492\">\n<p data-start=\"1421\" data-end=\"1492\">Aucune exp\u00e9rience th\u00e9\u00e2trale n\u00e9cessaire, seulement l\u2019envie de participer<\/p>\n<\/li>\n<\/ul>\n<h3 data-start=\"1494\" data-end=\"1511\">\ud83d\udc57 Costumes<\/h3>\n<ul data-start=\"1512\" data-end=\"1668\">\n<li data-start=\"1512\" data-end=\"1545\">\n<p data-start=\"1514\" data-end=\"1545\">Couture, retouches, essayages<\/p>\n<\/li>\n<li data-start=\"1512\" data-end=\"1545\"><span style=\"color: #333333; font-size: 22px;\">\ud83c\udfd7\ufe0f D\u00e9cors et logistique<\/span><\/li>\n<\/ul>\n<ul data-start=\"1701\" data-end=\"1815\">\n<li data-start=\"1701\" data-end=\"1741\">\n<p data-start=\"1703\" data-end=\"1741\">Conception et fabrication des d\u00e9cors<\/p>\n<\/li>\n<li data-start=\"1742\" data-end=\"1771\">\n<p data-start=\"1744\" data-end=\"1771\">Installation et d\u00e9montage<\/p>\n<\/li>\n<li data-start=\"1772\" data-end=\"1815\">\n<p data-start=\"1774\" data-end=\"1815\">Gestion du mat\u00e9riel, transport, rangement<\/p>\n<\/li>\n<\/ul>\n<ul data-start=\"1971\" data-end=\"2092\">\n<li data-start=\"2026\" data-end=\"2092\"><span style=\"color: #333333; font-size: 22px;\">\ud83d\udccb Organisation et coordination<\/span><\/li>\n<\/ul>\n<ul data-start=\"2132\" data-end=\"2218\">\n<li data-start=\"2132\" data-end=\"2153\">\n<p data-start=\"2134\" data-end=\"2153\">Accueil du public<\/p>\n<\/li>\n<li data-start=\"2154\" data-end=\"2171\">\n<p data-start=\"2156\" data-end=\"2171\">Communication<\/p>\n<\/li>\n<li data-start=\"2172\" data-end=\"2218\">\n<p data-start=\"2174\" data-end=\"2218\">Soutien \u00e0 l\u2019\u00e9quipe de coordination du projet<\/p>\n<\/li>\n<\/ul>\n<hr data-start=\"2220\" data-end=\"2223\" \/>\n<h2 data-start=\"2225\" data-end=\"2271\">\ud83c\udf1f Une aventure fraternelle et missionnaire<\/h2>\n<p data-start=\"2273\" data-end=\"2527\">Au-del\u00e0 du spectacle, cette pastorale est une <strong data-start=\"2319\" data-end=\"2370\">occasion unique de vivre quelque chose ensemble<\/strong> :<br data-start=\"2372\" data-end=\"2375\" \/>se rencontrer, travailler c\u00f4te \u00e0 c\u00f4te, rire, parfois transpirer un peu, et surtout <strong data-start=\"2458\" data-end=\"2485\">annoncer No\u00ebl autrement<\/strong>, par la beaut\u00e9, la simplicit\u00e9 et la joie.<\/p>\n<p data-start=\"2529\" data-end=\"2659\">Que vous ayez beaucoup de temps ou seulement un peu, que vous soyez s\u00fbr de vous ou simplement curieux : <strong data-start=\"2633\" data-end=\"2658\">votre pr\u00e9sence compte<\/strong>.<\/p>\n<hr data-start=\"2661\" data-end=\"2664\" \/>\n<h2 data-start=\"2666\" data-end=\"2696\">\ud83d\udcdd Vous \u00eates int\u00e9ress\u00e9(e) ?<\/h2>\n<p data-start=\"2698\" data-end=\"2907\">Si cette aventure vous attire, m\u00eame timidement, nous vous invitons \u00e0 remplir le formulaire ci-dessous.<br data-start=\"2800\" data-end=\"2803\" \/>Cela ne vous engage pas d\u00e9finitivement, mais nous permettra de mieux vous informer et de vous contacter.<\/p>\n<p>[\/et_pb_text][et_pb_button button_url=\u00a0\u00bbhttps:\/\/forms.gle\/ZTaVj5Jt9TQJzGxC8&Prime; button_text=\u00a0\u00bbJe suis int\u00e9ress\u00e9 pour faire partie de l&rsquo;aventure\u00a0\u00bb button_alignment=\u00a0\u00bbcenter\u00a0\u00bb _builder_version=\u00a0\u00bb4.27.5&Prime; _module_preset=\u00a0\u00bbdefault\u00a0\u00bb global_colors_info=\u00a0\u00bb{}\u00a0\u00bb][\/et_pb_button][\/et_pb_column][\/et_pb_row][\/et_pb_section]<\/p>\n","protected":false},"excerpt":{"rendered":"<p>Rencontre de pr\u00e9paration ouverte \u00e0 tous le dimanche 19 avril \u00e0 17h00 \u00e0 la salle paroissiale de St Donat\ud83c\udf84 La Pastorale des Santons de Provence en d\u00e9cembre 2026 Une grande [&hellip;]<\/p>\n","protected":false},"author":1,"featured_media":0,"parent":0,"menu_order":0,"comment_status":"closed","ping_status":"closed","template":"","meta":{"_et_pb_use_builder":"on","_et_pb_old_content":"","_et_gb_content_width":"","inline_featured_image":false,"footnotes":""},"class_list":["post-19039","page","type-page","status-publish","hentry"],"_links":{"self":[{"href":"https:\/\/paroisse-herbasse.fr\/index.php\/wp-json\/wp\/v2\/pages\/19039","targetHints":{"allow":["GET"]}}],"collection":[{"href":"https:\/\/paroisse-herbasse.fr\/index.php\/wp-json\/wp\/v2\/pages"}],"about":[{"href":"https:\/\/paroisse-herbasse.fr\/index.php\/wp-json\/wp\/v2\/types\/page"}],"author":[{"embeddable":true,"href":"https:\/\/paroisse-herbasse.fr\/index.php\/wp-json\/wp\/v2\/users\/1"}],"replies":[{"embeddable":true,"href":"https:\/\/paroisse-herbasse.fr\/index.php\/wp-json\/wp\/v2\/comments?post=19039"}],"version-history":[{"count":6,"href":"https:\/\/paroisse-herbasse.fr\/index.php\/wp-json\/wp\/v2\/pages\/19039\/revisions"}],"predecessor-version":[{"id":19399,"href":"https:\/\/paroisse-herbasse.fr\/index.php\/wp-json\/wp\/v2\/pages\/19039\/revisions\/19399"}],"wp:attachment":[{"href":"https:\/\/paroisse-herbasse.fr\/index.php\/wp-json\/wp\/v2\/media?parent=19039"}],"curies":[{"name":"wp","href":"https:\/\/api.w.org\/{rel}","templated":true}]}}