{"id":19022,"date":"2026-02-08T08:21:59","date_gmt":"2026-02-08T07:21:59","guid":{"rendered":"https:\/\/paroisse-herbasse.fr\/?page_id=19022"},"modified":"2026-02-08T08:22:18","modified_gmt":"2026-02-08T07:22:18","slug":"le-careme-par-sms","status":"publish","type":"page","link":"https:\/\/paroisse-herbasse.fr\/index.php\/le-careme-par-sms\/","title":{"rendered":"Le Car\u00eame par SMS"},"content":{"rendered":"<p>[et_pb_section fb_built=\u00a0\u00bb1&Prime; _builder_version=\u00a0\u00bb4.27.5&Prime; _module_preset=\u00a0\u00bbdefault\u00a0\u00bb global_colors_info=\u00a0\u00bb{}\u00a0\u00bb][et_pb_row column_structure=\u00a0\u00bb1_2,1_2&Prime; _builder_version=\u00a0\u00bb4.27.5&Prime; _module_preset=\u00a0\u00bbdefault\u00a0\u00bb global_colors_info=\u00a0\u00bb{}\u00a0\u00bb][et_pb_column type=\u00a0\u00bb1_2&Prime; _builder_version=\u00a0\u00bb4.27.5&Prime; _module_preset=\u00a0\u00bbdefault\u00a0\u00bb global_colors_info=\u00a0\u00bb{}\u00a0\u00bb][et_pb_image src=\u00a0\u00bbhttps:\/\/paroisse-herbasse.fr\/wp-content\/uploads\/2026\/02\/Le-Careme-par-SMS_-Message-quotidien.png\u00a0\u00bb _builder_version=\u00a0\u00bb4.27.5&Prime; _module_preset=\u00a0\u00bbdefault\u00a0\u00bb title_text=\u00a0\u00bbLe Car\u00eame par SMS_ Message quotidien\u00a0\u00bb hover_enabled=\u00a0\u00bb0&Prime; sticky_enabled=\u00a0\u00bb0&Prime;][\/et_pb_image][\/et_pb_column][et_pb_column type=\u00a0\u00bb1_2&Prime; _builder_version=\u00a0\u00bb4.27.5&Prime; _module_preset=\u00a0\u00bbdefault\u00a0\u00bb global_colors_info=\u00a0\u00bb{}\u00a0\u00bb][et_pb_text _builder_version=\u00a0\u00bb4.27.5&Prime; _module_preset=\u00a0\u00bbdefault\u00a0\u00bb hover_enabled=\u00a0\u00bb0&Prime; sticky_enabled=\u00a0\u00bb0&Prime;]<\/p>\n<h3><strong>Le Car\u00eame par SMS<\/strong><\/h3>\n<p>Pas si facile que \u00e7a de <strong>vivre un bon\u00a0car\u00eame<\/strong>. On ne d\u00e9marre pas \u00e0 temps, \u00e7a passe trop vite\u2026 Pour ne pas rater le coche et pour vous encourager la paroisse vous propose le\u00a0Car\u00eame\u00a0par\u00a0SMS.<\/p>\n<p><strong> Chaque jour un\u00a0SMS\u00a0du P\u00e8re Dominique avec un petit encouragement et une id\u00e9e d&rsquo;effort pour la journ\u00e9e.<\/strong><\/p>\n<p>D\u00e9but le mercredi 18 f\u00e9vrier 2026.<\/p>\n<p>Vous avez le choix de recevoir les message via WhatsApp ou SMS. Pour des raisons de co\u00fbts, merci de privil\u00e9gier WhatsApp.<\/p>\n<p>[\/et_pb_text][et_pb_button button_text=\u00a0\u00bbJe m&rsquo;inscris au car\u00eame par SMS\u00a0\u00bb _builder_version=\u00a0\u00bb4.27.5&Prime; _module_preset=\u00a0\u00bbdefault\u00a0\u00bb button_url=\u00a0\u00bbhttps:\/\/public.enoria.app\/pubinsc\/auth?type=groupe&#038;t=3bdcad66d03b73e\u00a0\u00bb hover_enabled=\u00a0\u00bb0&Prime; sticky_enabled=\u00a0\u00bb0&Prime; button_alignment=\u00a0\u00bbcenter\u00a0\u00bb][\/et_pb_button][\/et_pb_column][\/et_pb_row][\/et_pb_section]<\/p>\n","protected":false},"excerpt":{"rendered":"<p>Le Car\u00eame par SMS Pas si facile que \u00e7a de vivre un bon\u00a0car\u00eame. On ne d\u00e9marre pas \u00e0 temps, \u00e7a passe trop vite\u2026 Pour ne pas rater le coche et [&hellip;]<\/p>\n","protected":false},"author":1,"featured_media":0,"parent":0,"menu_order":0,"comment_status":"closed","ping_status":"closed","template":"","meta":{"_et_pb_use_builder":"on","_et_pb_old_content":"","_et_gb_content_width":"","inline_featured_image":false,"footnotes":""},"class_list":["post-19022","page","type-page","status-publish","hentry"],"_links":{"self":[{"href":"https:\/\/paroisse-herbasse.fr\/index.php\/wp-json\/wp\/v2\/pages\/19022","targetHints":{"allow":["GET"]}}],"collection":[{"href":"https:\/\/paroisse-herbasse.fr\/index.php\/wp-json\/wp\/v2\/pages"}],"about":[{"href":"https:\/\/paroisse-herbasse.fr\/index.php\/wp-json\/wp\/v2\/types\/page"}],"author":[{"embeddable":true,"href":"https:\/\/paroisse-herbasse.fr\/index.php\/wp-json\/wp\/v2\/users\/1"}],"replies":[{"embeddable":true,"href":"https:\/\/paroisse-herbasse.fr\/index.php\/wp-json\/wp\/v2\/comments?post=19022"}],"version-history":[{"count":3,"href":"https:\/\/paroisse-herbasse.fr\/index.php\/wp-json\/wp\/v2\/pages\/19022\/revisions"}],"predecessor-version":[{"id":19026,"href":"https:\/\/paroisse-herbasse.fr\/index.php\/wp-json\/wp\/v2\/pages\/19022\/revisions\/19026"}],"wp:attachment":[{"href":"https:\/\/paroisse-herbasse.fr\/index.php\/wp-json\/wp\/v2\/media?parent=19022"}],"curies":[{"name":"wp","href":"https:\/\/api.w.org\/{rel}","templated":true}]}}