{"id":18226,"date":"2025-09-23T15:02:17","date_gmt":"2025-09-23T13:02:17","guid":{"rendered":"https:\/\/paroisse-herbasse.fr\/?page_id=18226"},"modified":"2025-10-18T13:15:34","modified_gmt":"2025-10-18T11:15:34","slug":"pelerinage-en-vendee","status":"publish","type":"page","link":"https:\/\/paroisse-herbasse.fr\/index.php\/pelerinage-en-vendee\/","title":{"rendered":"P\u00e8lerinage en Vend\u00e9e"},"content":{"rendered":"<p>[et_pb_section fb_built=\u00a0\u00bb1&Prime; _builder_version=\u00a0\u00bb4.27.4&Prime; _module_preset=\u00a0\u00bbdefault\u00a0\u00bb global_colors_info=\u00a0\u00bb{}\u00a0\u00bb][et_pb_row _builder_version=\u00a0\u00bb4.27.4&Prime; _module_preset=\u00a0\u00bbdefault\u00a0\u00bb global_colors_info=\u00a0\u00bb{}\u00a0\u00bb][et_pb_column type=\u00a0\u00bb4_4&Prime; _builder_version=\u00a0\u00bb4.27.4&Prime; _module_preset=\u00a0\u00bbdefault\u00a0\u00bb global_colors_info=\u00a0\u00bb{}\u00a0\u00bb][et_pb_image src=\u00a0\u00bbhttps:\/\/paroisse-herbasse.fr\/wp-content\/uploads\/2025\/09\/Sans-titre-2000-x-900-px-2000-x-661-px.jpg\u00a0\u00bb title_text=\u00a0\u00bbSans titre (2000 x 900 px) (2000 x 661 px)\u00a0\u00bb _builder_version=\u00a0\u00bb4.27.4&Prime; _module_preset=\u00a0\u00bbdefault\u00a0\u00bb custom_margin=\u00a0\u00bb-80px||-41px||false|false\u00a0\u00bb custom_padding=\u00a0\u00bb0px||||false|false\u00a0\u00bb global_colors_info=\u00a0\u00bb{}\u00a0\u00bb][\/et_pb_image][\/et_pb_column][\/et_pb_row][et_pb_row _builder_version=\u00a0\u00bb4.27.4&Prime; _module_preset=\u00a0\u00bbdefault\u00a0\u00bb global_colors_info=\u00a0\u00bb{}\u00a0\u00bb][et_pb_column type=\u00a0\u00bb4_4&Prime; _builder_version=\u00a0\u00bb4.27.4&Prime; _module_preset=\u00a0\u00bbdefault\u00a0\u00bb global_colors_info=\u00a0\u00bb{}\u00a0\u00bb][et_pb_divider _builder_version=\u00a0\u00bb4.27.4&Prime; _module_preset=\u00a0\u00bbdefault\u00a0\u00bb custom_margin=\u00a0\u00bb-4px||-60px||false|false\u00a0\u00bb global_colors_info=\u00a0\u00bb{}\u00a0\u00bb][\/et_pb_divider][\/et_pb_column][\/et_pb_row][et_pb_row _builder_version=\u00a0\u00bb4.27.4&Prime; _module_preset=\u00a0\u00bbdefault\u00a0\u00bb global_colors_info=\u00a0\u00bb{}\u00a0\u00bb][et_pb_column type=\u00a0\u00bb4_4&Prime; _builder_version=\u00a0\u00bb4.27.4&Prime; _module_preset=\u00a0\u00bbdefault\u00a0\u00bb global_colors_info=\u00a0\u00bb{}\u00a0\u00bb][et_pb_text _builder_version=\u00a0\u00bb4.27.4&Prime; _module_preset=\u00a0\u00bbdefault\u00a0\u00bb global_colors_info=\u00a0\u00bb{}\u00a0\u00bb]<\/p>\n<h2 style=\"text-align: center;\"><strong>P\u00e9l\u00e9 en Vend\u00e9e<\/strong><\/h2>\n<h3 style=\"text-align: center;\">du 7 au 11 avril 2026<\/h3>\n<h3 style=\"text-align: center;\"><em>pour les jeunes de la paroisse Notre-Dame de l&rsquo;Herbasse <\/em><\/h3>\n<h3 style=\"text-align: center;\"><em>de 11 \u00e0 17 ans<\/em><\/h3>\n<p style=\"text-align: center;\">[\/et_pb_text][\/et_pb_column][\/et_pb_row][et_pb_row _builder_version=\u00a0\u00bb4.27.4&Prime; _module_preset=\u00a0\u00bbdefault\u00a0\u00bb global_colors_info=\u00a0\u00bb{}\u00a0\u00bb][et_pb_column type=\u00a0\u00bb4_4&Prime; _builder_version=\u00a0\u00bb4.27.4&Prime; _module_preset=\u00a0\u00bbdefault\u00a0\u00bb global_colors_info=\u00a0\u00bb{}\u00a0\u00bb][et_pb_divider _builder_version=\u00a0\u00bb4.27.4&Prime; _module_preset=\u00a0\u00bbdefault\u00a0\u00bb global_colors_info=\u00a0\u00bb{}\u00a0\u00bb][\/et_pb_divider][\/et_pb_column][\/et_pb_row][et_pb_row column_structure=\u00a0\u00bb1_3,1_3,1_3&Prime; _builder_version=\u00a0\u00bb4.27.4&Prime; _module_preset=\u00a0\u00bbdefault\u00a0\u00bb custom_margin=\u00a0\u00bb-63px||||false|false\u00a0\u00bb global_colors_info=\u00a0\u00bb{}\u00a0\u00bb][et_pb_column type=\u00a0\u00bb1_3&Prime; _builder_version=\u00a0\u00bb4.27.4&Prime; _module_preset=\u00a0\u00bbdefault\u00a0\u00bb global_colors_info=\u00a0\u00bb{}\u00a0\u00bb][et_pb_image src=\u00a0\u00bbhttps:\/\/paroisse-herbasse.fr\/wp-content\/uploads\/2025\/09\/Sans-titre-700-x-700-px.jpg\u00a0\u00bb title_text=\u00a0\u00bbSans titre (700 x 700 px)\u00a0\u00bb _builder_version=\u00a0\u00bb4.27.4&Prime; _module_preset=\u00a0\u00bbdefault\u00a0\u00bb global_colors_info=\u00a0\u00bb{}\u00a0\u00bb][\/et_pb_image][et_pb_text _builder_version=\u00a0\u00bb4.27.4&Prime; _module_preset=\u00a0\u00bbdefault\u00a0\u00bb global_colors_info=\u00a0\u00bb{}\u00a0\u00bb]<\/p>\n<h4 style=\"text-align: center;\">2 jours au\u00a0Grand Parc du Puy-du -Fou<\/h4>\n<p>[\/et_pb_text][\/et_pb_column][et_pb_column type=\u00a0\u00bb1_3&Prime; _builder_version=\u00a0\u00bb4.27.4&Prime; _module_preset=\u00a0\u00bbdefault\u00a0\u00bb global_colors_info=\u00a0\u00bb{}\u00a0\u00bb][et_pb_image src=\u00a0\u00bbhttps:\/\/paroisse-herbasse.fr\/wp-content\/uploads\/2025\/09\/Sans-titre-700-x-700-px-1.jpg\u00a0\u00bb title_text=\u00a0\u00bbSans titre (700 x 700 px) (1)\u00a0\u00bb _builder_version=\u00a0\u00bb4.27.4&Prime; _module_preset=\u00a0\u00bbdefault\u00a0\u00bb global_colors_info=\u00a0\u00bb{}\u00a0\u00bb][\/et_pb_image][et_pb_text _builder_version=\u00a0\u00bb4.27.4&Prime; _module_preset=\u00a0\u00bbdefault\u00a0\u00bb global_colors_info=\u00a0\u00bb{}\u00a0\u00bb]<\/p>\n<h4 style=\"text-align: center;\">Visite de la Cath\u00e9drale de Bourges, du m\u00e9morial des guerres de vend\u00e9e, de St Laurent sur S\u00e8vres<\/h4>\n<p>[\/et_pb_text][\/et_pb_column][et_pb_column type=\u00a0\u00bb1_3&Prime; _builder_version=\u00a0\u00bb4.27.4&Prime; _module_preset=\u00a0\u00bbdefault\u00a0\u00bb global_colors_info=\u00a0\u00bb{}\u00a0\u00bb][et_pb_image src=\u00a0\u00bbhttps:\/\/paroisse-herbasse.fr\/wp-content\/uploads\/2025\/09\/Sans-titre-700-x-700-px-2.jpg\u00a0\u00bb title_text=\u00a0\u00bbSans titre (700 x 700 px) (2)\u00a0\u00bb _builder_version=\u00a0\u00bb4.27.4&Prime; _module_preset=\u00a0\u00bbdefault\u00a0\u00bb global_colors_info=\u00a0\u00bb{}\u00a0\u00bb][\/et_pb_image][et_pb_text _builder_version=\u00a0\u00bb4.27.4&Prime; _module_preset=\u00a0\u00bbdefault\u00a0\u00bb global_colors_info=\u00a0\u00bb{}\u00a0\u00bb]<\/p>\n<h4 style=\"text-align: center;\">Messe chaque jour, p\u00e9lerinage sur la tombe de St Louis-Marie Grignon de Montfort<\/h4>\n<p>[\/et_pb_text][\/et_pb_column][\/et_pb_row][et_pb_row _builder_version=\u00a0\u00bb4.27.4&Prime; _module_preset=\u00a0\u00bbdefault\u00a0\u00bb global_colors_info=\u00a0\u00bb{}\u00a0\u00bb][et_pb_column type=\u00a0\u00bb4_4&Prime; _builder_version=\u00a0\u00bb4.27.4&Prime; _module_preset=\u00a0\u00bbdefault\u00a0\u00bb global_colors_info=\u00a0\u00bb{}\u00a0\u00bb][et_pb_divider _builder_version=\u00a0\u00bb4.27.4&Prime; _module_preset=\u00a0\u00bbdefault\u00a0\u00bb global_colors_info=\u00a0\u00bb{}\u00a0\u00bb][\/et_pb_divider][\/et_pb_column][\/et_pb_row][et_pb_row _builder_version=\u00a0\u00bb4.27.4&Prime; _module_preset=\u00a0\u00bbdefault\u00a0\u00bb global_colors_info=\u00a0\u00bb{}\u00a0\u00bb][et_pb_column type=\u00a0\u00bb4_4&Prime; _builder_version=\u00a0\u00bb4.27.4&Prime; _module_preset=\u00a0\u00bbdefault\u00a0\u00bb global_colors_info=\u00a0\u00bb{}\u00a0\u00bb][et_pb_text _builder_version=\u00a0\u00bb4.27.4&Prime; _module_preset=\u00a0\u00bbdefault\u00a0\u00bb global_colors_info=\u00a0\u00bb{}\u00a0\u00bb]<\/p>\n<p><em><strong>Un p\u00e8lerinage au c\u0153ur de notre histoire chr\u00e9tienne<\/strong><\/em><\/p>\n<p><u>Au Programme<\/u>\u00a0: visite de la Cath\u00e9drale de Bourges, deux journ\u00e9es dans le Grand Parc du Puy du Fou, messe pr\u00e8s du tombeau de St Louis-Marie<strong>, <\/strong>randonn\u00e9e \u00e0 la Grande Croix de<strong> <\/strong>Loublande, d\u00e9couverte des M\u00e9morial et Historial de Vend\u00e9e aux Lucs-sur-Boulogne, mais aussi veill\u00e9es&#8230;<\/p>\n<p>Ce p\u00e8lerinage aura lieu du <strong>07 au 11 avril<\/strong> prochains.<\/p>\n<p>Il s&rsquo;adresse aux jeunes de <strong>11 \u00e0 17 ans<\/strong>.<\/p>\n<p>Le d\u00e9placement se fera en minibus. L\u2019h\u00e9bergement est pr\u00e9vu \u00e0 \u00ab\u00a0la crois\u00e9e des chemins\u00a0\u00bb maison d&rsquo;accueil de l\u2019abbaye de Bellefontaine. Les repas seront g\u00e9r\u00e9s en autonomie.<\/p>\n<p>Les accompagnateurs seront: le P\u00e8re Dominique Fornerod, Christine Regache et Maxime Regache.<\/p>\n<p><u>Tarif envisag\u00e9<\/u>\u00a0:<strong> 155,00\u20ac pour une pr\u00e9-inscription avant le 15 novembre 2025<\/strong><\/p>\n<p>Ce p\u00e8lerinage ne sera possible que si le nombre de pr\u00e9inscriptions est suffisant. Le paiement se fera au moment de l&rsquo;inscription d\u00e9finitive.\u00a0<\/p>\n<h3><strong>Attention : places limit\u00e9es \u00e0 24 jeunes. Les places sont attribu\u00e9es aux premiers pr\u00e9inscrits.<\/strong><\/h3>\n<p>&nbsp;<\/p>\n<p>[\/et_pb_text][\/et_pb_column][\/et_pb_row][et_pb_row _builder_version=\u00a0\u00bb4.27.4&Prime; _module_preset=\u00a0\u00bbdefault\u00a0\u00bb global_colors_info=\u00a0\u00bb{}\u00a0\u00bb][et_pb_column type=\u00a0\u00bb4_4&Prime; _builder_version=\u00a0\u00bb4.27.4&Prime; _module_preset=\u00a0\u00bbdefault\u00a0\u00bb global_colors_info=\u00a0\u00bb{}\u00a0\u00bb][et_pb_button button_url=\u00a0\u00bbhttps:\/\/public.enoria.app\/pubinsc\/auth?type=event&#038;t=6e78062632711d3&Prime; button_text=\u00a0\u00bbJe fais ma pr\u00e9inscription !\u00a0\u00bb button_alignment=\u00a0\u00bbcenter\u00a0\u00bb _builder_version=\u00a0\u00bb4.27.4&Prime; _module_preset=\u00a0\u00bbdefault\u00a0\u00bb global_colors_info=\u00a0\u00bb{}\u00a0\u00bb][\/et_pb_button][\/et_pb_column][\/et_pb_row][\/et_pb_section]<\/p>\n","protected":false},"excerpt":{"rendered":"<p>P\u00e9l\u00e9 en Vend\u00e9e du 7 au 11 avril 2026 pour les jeunes de la paroisse Notre-Dame de l&rsquo;Herbasse de 11 \u00e0 17 ans 2 jours au\u00a0Grand Parc du Puy-du -FouVisite [&hellip;]<\/p>\n","protected":false},"author":1,"featured_media":0,"parent":0,"menu_order":0,"comment_status":"closed","ping_status":"closed","template":"","meta":{"_et_pb_use_builder":"on","_et_pb_old_content":"","_et_gb_content_width":"","inline_featured_image":false,"footnotes":""},"class_list":["post-18226","page","type-page","status-publish","hentry"],"_links":{"self":[{"href":"https:\/\/paroisse-herbasse.fr\/index.php\/wp-json\/wp\/v2\/pages\/18226","targetHints":{"allow":["GET"]}}],"collection":[{"href":"https:\/\/paroisse-herbasse.fr\/index.php\/wp-json\/wp\/v2\/pages"}],"about":[{"href":"https:\/\/paroisse-herbasse.fr\/index.php\/wp-json\/wp\/v2\/types\/page"}],"author":[{"embeddable":true,"href":"https:\/\/paroisse-herbasse.fr\/index.php\/wp-json\/wp\/v2\/users\/1"}],"replies":[{"embeddable":true,"href":"https:\/\/paroisse-herbasse.fr\/index.php\/wp-json\/wp\/v2\/comments?post=18226"}],"version-history":[{"count":10,"href":"https:\/\/paroisse-herbasse.fr\/index.php\/wp-json\/wp\/v2\/pages\/18226\/revisions"}],"predecessor-version":[{"id":18355,"href":"https:\/\/paroisse-herbasse.fr\/index.php\/wp-json\/wp\/v2\/pages\/18226\/revisions\/18355"}],"wp:attachment":[{"href":"https:\/\/paroisse-herbasse.fr\/index.php\/wp-json\/wp\/v2\/media?parent=18226"}],"curies":[{"name":"wp","href":"https:\/\/api.w.org\/{rel}","templated":true}]}}