{"id":12373,"date":"2022-05-25T09:03:59","date_gmt":"2022-05-25T07:03:59","guid":{"rendered":"https:\/\/paroisse-herbasse.fr\/?page_id=12373"},"modified":"2025-06-11T22:39:30","modified_gmt":"2025-06-11T20:39:30","slug":"don-a-loccasion-dun-bapteme-ou-dun-mariage","status":"publish","type":"page","link":"https:\/\/paroisse-herbasse.fr\/index.php\/don-a-loccasion-dun-bapteme-ou-dun-mariage\/","title":{"rendered":"Don \u00e0 l&rsquo;occasion d&rsquo;un bapt\u00eame ou d&rsquo;un mariage"},"content":{"rendered":"<p>[et_pb_section fb_built=\u00a0\u00bb1&Prime; _builder_version=\u00a0\u00bb4.18.0&Prime; _module_preset=\u00a0\u00bbdefault\u00a0\u00bb global_colors_info=\u00a0\u00bb{}\u00a0\u00bb][et_pb_row _builder_version=\u00a0\u00bb4.18.0&Prime; _module_preset=\u00a0\u00bbdefault\u00a0\u00bb global_colors_info=\u00a0\u00bb{}\u00a0\u00bb][et_pb_column type=\u00a0\u00bb4_4&Prime; _builder_version=\u00a0\u00bb4.18.0&Prime; _module_preset=\u00a0\u00bbdefault\u00a0\u00bb global_colors_info=\u00a0\u00bb{}\u00a0\u00bb][et_pb_text _builder_version=\u00a0\u00bb4.18.0&Prime; _module_preset=\u00a0\u00bbdefault\u00a0\u00bb global_colors_info=\u00a0\u00bb{}\u00a0\u00bb]<\/p>\n<h1 style=\"text-align: center;\">Don \u00e0 l&rsquo;occasion d&rsquo;un bapt\u00eame ou d&rsquo;un mariage<\/h1>\n<p>[\/et_pb_text][\/et_pb_column][\/et_pb_row][et_pb_row _builder_version=\u00a0\u00bb4.18.0&Prime; _module_preset=\u00a0\u00bbdefault\u00a0\u00bb global_colors_info=\u00a0\u00bb{}\u00a0\u00bb][et_pb_column type=\u00a0\u00bb4_4&Prime; _builder_version=\u00a0\u00bb4.18.0&Prime; _module_preset=\u00a0\u00bbdefault\u00a0\u00bb global_colors_info=\u00a0\u00bb{}\u00a0\u00bb][et_pb_image src=\u00a0\u00bbhttps:\/\/paroisse-herbasse.fr\/wp-content\/uploads\/2022\/10\/Copie-de-Sans-titre-8.jpg\u00a0\u00bb title_text=\u00a0\u00bbCopie de Sans titre (8)\u00a0\u00bb align=\u00a0\u00bbcenter\u00a0\u00bb _builder_version=\u00a0\u00bb4.18.0&Prime; _module_preset=\u00a0\u00bbdefault\u00a0\u00bb width=\u00a0\u00bb40%\u00a0\u00bb box_shadow_style=\u00a0\u00bbpreset1&Prime; global_colors_info=\u00a0\u00bb{}\u00a0\u00bb][\/et_pb_image][\/et_pb_column][\/et_pb_row][et_pb_row _builder_version=\u00a0\u00bb4.18.0&Prime; _module_preset=\u00a0\u00bbdefault\u00a0\u00bb global_colors_info=\u00a0\u00bb{}\u00a0\u00bb][et_pb_column type=\u00a0\u00bb4_4&Prime; _builder_version=\u00a0\u00bb4.18.0&Prime; _module_preset=\u00a0\u00bbdefault\u00a0\u00bb global_colors_info=\u00a0\u00bb{}\u00a0\u00bb][et_pb_button button_url=\u00a0\u00bbhttps:\/\/public.enoria.app\/pubinsc\/dons\/369&Prime; button_text=\u00a0\u00bbFaire mon don en ligne &#8211; Cliquez ici\u00a0\u00bb button_alignment=\u00a0\u00bbcenter\u00a0\u00bb _builder_version=\u00a0\u00bb4.27.4&Prime; _module_preset=\u00a0\u00bbdefault\u00a0\u00bb transform_scale=\u00a0\u00bb128%|128%\u00a0\u00bb global_colors_info=\u00a0\u00bb{}\u00a0\u00bb][\/et_pb_button][et_pb_text _builder_version=\u00a0\u00bb4.18.0&Prime; _module_preset=\u00a0\u00bbdefault\u00a0\u00bb text_font_size=\u00a0\u00bb19px\u00a0\u00bb global_colors_info=\u00a0\u00bb{}\u00a0\u00bb]<\/p>\n<p>\u00a0Vous demandez un bapt\u00eame ou un mariage \u00e0 l&rsquo;Eglise. Votre participation financi\u00e8re est essentielle \u00e0 la vie de la paroisse.<\/p>\n<p>Cette offrande participe \u00e0 la vie de la communaut\u00e9 paroissiale qui a pr\u00e9par\u00e9 et accueilli la c\u00e9l\u00e9bration. Elle permet de financer les frais occasionn\u00e9s par celle-ci et sa pr\u00e9paration: chauffage, \u00e9clairage, entretien des locaux et du mat\u00e9riel, frais engag\u00e9s par les b\u00e9n\u00e9voles&#8230; Une part sert aussi \u00e0 la r\u00e9mun\u00e9ration des pr\u00eatres.<\/p>\n<p><strong>Combien donner ?<\/strong><\/p>\n<p><strong>A titre indicatif:<\/strong><\/p>\n<p><strong>&#8211; Pour un bapt\u00eame: 80 \u00e0 200 euros ou 5% des sommes engag\u00e9es<\/strong><\/p>\n<p><strong>&#8211; Pour un mariage : 250 \u00e0 1 000 euros ou 5% des sommes engag\u00e9es<\/strong><\/p>\n<p>&#8211; <strong>Communion, confirmation: 80 \u00e0 120 euros<\/strong><\/p>\n<p><strong>&#8211; Fun\u00e9railles: 200 \u00e0 600 euros<\/strong><\/p>\n<p>Les fid\u00e8les peuvent librement augmenter ces montants selon leur g\u00e9n\u00e9rosit\u00e9, ou les adapter en fonction de leur situation \u00e9conomique personnelle.<\/p>\n<p>[\/et_pb_text][et_pb_text _builder_version=\u00a0\u00bb4.27.4&Prime; _module_preset=\u00a0\u00bbdefault\u00a0\u00bb text_font_size=\u00a0\u00bb20px\u00a0\u00bb global_colors_info=\u00a0\u00bb{}\u00a0\u00bb]<\/p>\n<p>En cliquant sur le bouton ci-dessous, vous pourrez faire votre don par carte bancaire. Le syst\u00e8me est parfaitement s\u00e9curis\u00e9 via nos partenaires Stripe et Enoria.<\/p>\n<p>Choissisez bien la destination correspondante de votre don puis le montant.<\/p>\n<p><strong>Vous pouvez aussi envoyer votre ch\u00e8que \u00e0 l&rsquo;odre de \u00ab\u00a0ADVA Paroisse ND de l&rsquo;Herbasse\u00a0\u00bb \u00e0 l&rsquo;adresse suivante:\u00a0<\/strong><\/p>\n<p><strong>Paroisse Notre-Dame de l&rsquo;Herbasse, 9 mont\u00e9e de l&rsquo;\u00e9glise, 26260 Saint Donat sur l&rsquo;Herbase<\/strong><\/p>\n<p>[\/et_pb_text][et_pb_button button_url=\u00a0\u00bbhttps:\/\/public.enoria.app\/pubinsc\/dons\/369&Prime; button_text=\u00a0\u00bbFaire mon don en ligne &#8211; Cliquez ici\u00a0\u00bb button_alignment=\u00a0\u00bbcenter\u00a0\u00bb _builder_version=\u00a0\u00bb4.27.4&Prime; _module_preset=\u00a0\u00bbdefault\u00a0\u00bb transform_scale=\u00a0\u00bb128%|128%\u00a0\u00bb global_colors_info=\u00a0\u00bb{}\u00a0\u00bb][\/et_pb_button][et_pb_image src=\u00a0\u00bbhttps:\/\/paroisse-herbasse.fr\/wp-content\/uploads\/2022\/10\/Copie-de-Sans-titre-7.jpg\u00a0\u00bb title_text=\u00a0\u00bbCopie de Sans titre (7)\u00a0\u00bb align=\u00a0\u00bbcenter\u00a0\u00bb _builder_version=\u00a0\u00bb4.18.0&Prime; _module_preset=\u00a0\u00bbdefault\u00a0\u00bb custom_margin=\u00a0\u00bb1px||0px||false|false\u00a0\u00bb custom_padding=\u00a0\u00bb25px||||false|false\u00a0\u00bb global_colors_info=\u00a0\u00bb{}\u00a0\u00bb][\/et_pb_image][\/et_pb_column][\/et_pb_row][\/et_pb_section]<\/p>\n","protected":false},"excerpt":{"rendered":"<p>Don \u00e0 l&rsquo;occasion d&rsquo;un bapt\u00eame ou d&rsquo;un mariage\u00a0Vous demandez un bapt\u00eame ou un mariage \u00e0 l&rsquo;Eglise. Votre participation financi\u00e8re est essentielle \u00e0 la vie de la paroisse. Cette offrande participe [&hellip;]<\/p>\n","protected":false},"author":1,"featured_media":0,"parent":0,"menu_order":0,"comment_status":"closed","ping_status":"closed","template":"","meta":{"_et_pb_use_builder":"on","_et_pb_old_content":"","_et_gb_content_width":"","inline_featured_image":false,"footnotes":""},"class_list":["post-12373","page","type-page","status-publish","hentry"],"_links":{"self":[{"href":"https:\/\/paroisse-herbasse.fr\/index.php\/wp-json\/wp\/v2\/pages\/12373","targetHints":{"allow":["GET"]}}],"collection":[{"href":"https:\/\/paroisse-herbasse.fr\/index.php\/wp-json\/wp\/v2\/pages"}],"about":[{"href":"https:\/\/paroisse-herbasse.fr\/index.php\/wp-json\/wp\/v2\/types\/page"}],"author":[{"embeddable":true,"href":"https:\/\/paroisse-herbasse.fr\/index.php\/wp-json\/wp\/v2\/users\/1"}],"replies":[{"embeddable":true,"href":"https:\/\/paroisse-herbasse.fr\/index.php\/wp-json\/wp\/v2\/comments?post=12373"}],"version-history":[{"count":4,"href":"https:\/\/paroisse-herbasse.fr\/index.php\/wp-json\/wp\/v2\/pages\/12373\/revisions"}],"predecessor-version":[{"id":17757,"href":"https:\/\/paroisse-herbasse.fr\/index.php\/wp-json\/wp\/v2\/pages\/12373\/revisions\/17757"}],"wp:attachment":[{"href":"https:\/\/paroisse-herbasse.fr\/index.php\/wp-json\/wp\/v2\/media?parent=12373"}],"curies":[{"name":"wp","href":"https:\/\/api.w.org\/{rel}","templated":true}]}}